{"id":3467,"date":"2024-12-10T23:10:12","date_gmt":"2024-12-10T20:10:12","guid":{"rendered":"https:\/\/teslaenerjim.com\/?page_id=3467"},"modified":"2025-07-27T14:32:04","modified_gmt":"2025-07-27T11:32:04","slug":"devam-eden-projeler","status":"publish","type":"page","link":"https:\/\/teslaenerjim.com\/en\/devam-eden-projeler\/","title":{"rendered":"Ongoing Projects"},"content":{"rendered":"<div data-elementor-type=\"wp-page\" data-elementor-id=\"3467\" class=\"elementor elementor-3467\" data-elementor-post-type=\"page\">\n\t\t\t\t<div class=\"elementor-element elementor-element-f7f491a e-flex e-con-boxed e-con e-parent\" data-id=\"f7f491a\" data-element_type=\"container\" data-e-type=\"container\">\n\t\t\t\t\t<div class=\"e-con-inner\">\n\t\t\t\t<div class=\"elementor-element elementor-element-c89e160 elementor-widget elementor-widget-spacer\" data-id=\"c89e160\" data-element_type=\"widget\" data-e-type=\"widget\" data-widget_type=\"spacer.default\">\n\t\t\t\t<div class=\"elementor-widget-container\">\n\t\t\t\t\t\t\t<div class=\"elementor-spacer\">\n\t\t\t<div class=\"elementor-spacer-inner\"><\/div>\n\t\t<\/div>\n\t\t\t\t\t\t<\/div>\n\t\t\t\t<\/div>\n\t\t\t\t\t<\/div>\n\t\t\t\t<\/div>\n\t\t<div class=\"elementor-element elementor-element-e14a2f6 e-con-full e-flex e-con e-parent\" data-id=\"e14a2f6\" data-element_type=\"container\" data-e-type=\"container\" data-settings=\"{&quot;background_background&quot;:&quot;classic&quot;}\">\n\t\t\t\t<div class=\"elementor-element elementor-element-9d9e4f8 elementor-widget elementor-widget-heading\" data-id=\"9d9e4f8\" data-element_type=\"widget\" data-e-type=\"widget\" data-widget_type=\"heading.default\">\n\t\t\t\t<div class=\"elementor-widget-container\">\n\t\t\t\t\t<h1 class=\"elementor-heading-title elementor-size-default\">Ongoing Projects<\/h1>\t\t\t\t<\/div>\n\t\t\t\t<\/div>\n\t\t\t\t<\/div>\n\t\t<div class=\"elementor-element elementor-element-3a63f28 e-flex e-con-boxed e-con e-parent\" data-id=\"3a63f28\" data-element_type=\"container\" data-e-type=\"container\" data-settings=\"{&quot;background_background&quot;:&quot;classic&quot;}\">\n\t\t\t\t\t<div class=\"e-con-inner\">\n\t\t<div class=\"elementor-element elementor-element-f85c8c0 e-con-full e-flex e-con e-child\" data-id=\"f85c8c0\" data-element_type=\"container\" data-e-type=\"container\" data-settings=\"{&quot;background_background&quot;:&quot;classic&quot;}\">\n\t\t\t\t<div class=\"elementor-element elementor-element-ccd0c1d elementor-position-top elementor-widget elementor-widget-image-box\" data-id=\"ccd0c1d\" data-element_type=\"widget\" data-e-type=\"widget\" data-widget_type=\"image-box.default\">\n\t\t\t\t<div class=\"elementor-widget-container\">\n\t\t\t\t\t<div class=\"elementor-image-box-wrapper\"><figure class=\"elementor-image-box-img\"><img fetchpriority=\"high\" decoding=\"async\" width=\"1080\" height=\"1080\" src=\"https:\/\/i0.wp.com\/teslaenerjim.com\/wp-content\/uploads\/Adsiz-tasarim.png?fit=1080%2C1080&amp;ssl=1\" class=\"attachment-full size-full wp-image-4600\" alt=\"\" srcset=\"https:\/\/i0.wp.com\/teslaenerjim.com\/wp-content\/uploads\/Adsiz-tasarim.png?w=1080&amp;ssl=1 1080w, https:\/\/i0.wp.com\/teslaenerjim.com\/wp-content\/uploads\/Adsiz-tasarim.png?resize=300%2C300&amp;ssl=1 300w, https:\/\/i0.wp.com\/teslaenerjim.com\/wp-content\/uploads\/Adsiz-tasarim.png?resize=1024%2C1024&amp;ssl=1 1024w, https:\/\/i0.wp.com\/teslaenerjim.com\/wp-content\/uploads\/Adsiz-tasarim.png?resize=150%2C150&amp;ssl=1 150w, https:\/\/i0.wp.com\/teslaenerjim.com\/wp-content\/uploads\/Adsiz-tasarim.png?resize=768%2C768&amp;ssl=1 768w\" sizes=\"(max-width: 1000px) 100vw, 1000px\" \/><\/figure><div class=\"elementor-image-box-content\"><h3 class=\"elementor-image-box-title\">Izmir American Hospital Project<\/h3><\/div><\/div>\t\t\t\t<\/div>\n\t\t\t\t<\/div>\n\t\t\t\t<\/div>\n\t\t<div class=\"elementor-element elementor-element-f8d770e e-con-full e-flex e-con e-child\" data-id=\"f8d770e\" data-element_type=\"container\" data-e-type=\"container\">\n\t\t\t\t<div class=\"elementor-element elementor-element-81033bb elementor-position-top elementor-widget elementor-widget-image-box\" data-id=\"81033bb\" data-element_type=\"widget\" data-e-type=\"widget\" data-widget_type=\"image-box.default\">\n\t\t\t\t<div class=\"elementor-widget-container\">\n\t\t\t\t\t<div class=\"elementor-image-box-wrapper\"><figure class=\"elementor-image-box-img\"><img decoding=\"async\" width=\"1626\" height=\"1920\" src=\"https:\/\/i0.wp.com\/teslaenerjim.com\/wp-content\/uploads\/folkart-nova.webp?fit=1626%2C1920&amp;ssl=1\" class=\"attachment-full size-full wp-image-3479\" alt=\"\" srcset=\"https:\/\/i0.wp.com\/teslaenerjim.com\/wp-content\/uploads\/folkart-nova.webp?w=1626&amp;ssl=1 1626w, https:\/\/i0.wp.com\/teslaenerjim.com\/wp-content\/uploads\/folkart-nova.webp?resize=254%2C300&amp;ssl=1 254w, https:\/\/i0.wp.com\/teslaenerjim.com\/wp-content\/uploads\/folkart-nova.webp?resize=867%2C1024&amp;ssl=1 867w, https:\/\/i0.wp.com\/teslaenerjim.com\/wp-content\/uploads\/folkart-nova.webp?resize=768%2C907&amp;ssl=1 768w, https:\/\/i0.wp.com\/teslaenerjim.com\/wp-content\/uploads\/folkart-nova.webp?resize=1301%2C1536&amp;ssl=1 1301w, https:\/\/i0.wp.com\/teslaenerjim.com\/wp-content\/uploads\/folkart-nova.webp?w=1627&amp;ssl=1 1627w\" sizes=\"(max-width: 1000px) 100vw, 1000px\" \/><\/figure><div class=\"elementor-image-box-content\"><h2 class=\"elementor-image-box-title\">Folkart Nova Project<\/h2><\/div><\/div>\t\t\t\t<\/div>\n\t\t\t\t<\/div>\n\t\t\t\t<\/div>\n\t\t\t\t\t<\/div>\n\t\t\t\t<\/div>\n\t\t<div class=\"elementor-element elementor-element-cd38088 e-flex e-con-boxed e-con e-parent\" data-id=\"cd38088\" data-element_type=\"container\" data-e-type=\"container\">\n\t\t\t\t\t<div class=\"e-con-inner\">\n\t\t\t\t<div class=\"elementor-element elementor-element-886a437 elementor-widget elementor-widget-text-editor\" data-id=\"886a437\" data-element_type=\"widget\" data-e-type=\"widget\" data-widget_type=\"text-editor.default\">\n\t\t\t\t<div class=\"elementor-widget-container\">\n\t\t\t\t\t\t\t\t\t<h2><span style=\"color: #000000;\"><strong>Contact Us for Your Electrical Contracting Projects<\/strong><\/span><\/h2><p><span style=\"color: #000000;\">For reliable, innovative and professional solutions for your electrical projects <strong>As TESLA CHRONIC ENERGY<\/strong> we are always with you.<\/span><br \/><span style=\"color: #000000;\"><strong>Contact us to get detailed information and realize your projects!<\/strong><\/span><\/p>\t\t\t\t\t\t\t\t<\/div>\n\t\t\t\t<\/div>\n\t\t\t\t<div class=\"elementor-element elementor-element-7b99dc7 elementor-widget elementor-widget-button\" data-id=\"7b99dc7\" data-element_type=\"widget\" data-e-type=\"widget\" data-widget_type=\"button.default\">\n\t\t\t\t<div class=\"elementor-widget-container\">\n\t\t\t\t\t\t\t\t\t<div class=\"elementor-button-wrapper\">\n\t\t\t\t\t<a class=\"elementor-button elementor-button-link elementor-size-sm\" href=\"https:\/\/teslaenerjim.com\/en\/iletisim\/\">\n\t\t\t\t\t\t<span class=\"elementor-button-content-wrapper\">\n\t\t\t\t\t\t<span class=\"elementor-button-icon\">\n\t\t\t\t<svg aria-hidden=\"true\" class=\"e-font-icon-svg e-fas-angle-double-right\" viewbox=\"0 0 448 512\" xmlns=\"http:\/\/www.w3.org\/2000\/svg\"><path d=\"M224.3 273l-136 136c-9.4 9.4-24.6 9.4-33.9 0l-22.6-22.6c-9.4-9.4-9.4-24.6 0-33.9l96.4-96.4-96.4-96.4c-9.4-9.4-9.4-24.6 0-33.9L54.3 103c9.4-9.4 24.6-9.4 33.9 0l136 136c9.5 9.4 9.5 24.6.1 34zm192-34l-136-136c-9.4-9.4-24.6-9.4-33.9 0l-22.6 22.6c-9.4 9.4-9.4 24.6 0 33.9l96.4 96.4-96.4 96.4c-9.4 9.4-9.4 24.6 0 33.9l22.6 22.6c9.4 9.4 24.6 9.4 33.9 0l136-136c9.4-9.2 9.4-24.4 0-33.8z\"><\/path><\/svg>\t\t\t<\/span>\n\t\t\t\t\t\t\t\t\t<span class=\"elementor-button-text\">Contact Us<\/span>\n\t\t\t\t\t<\/span>\n\t\t\t\t\t<\/a>\n\t\t\t\t<\/div>\n\t\t\t\t\t\t\t\t<\/div>\n\t\t\t\t<\/div>\n\t\t\t\t\t<\/div>\n\t\t\t\t<\/div>\n\t\t\t\t<\/div>","protected":false},"excerpt":{"rendered":"<p>Devam Eden Projeler \u0130zmir Amerikan Hastanesi Projesi Folkart Nova Projesi Elektrik Taahh\u00fct Projeleriniz \u0130\u00e7in Bizimle \u0130leti\u015fime Ge\u00e7in Elektrik projelerinizde g\u00fcvenilir, yenilik\u00e7i ve profesyonel \u00e7\u00f6z\u00fcmler i\u00e7in TESLA KRON\u0130K ENERJ\u0130 olarak her zaman yan\u0131n\u0131zday\u0131z.Detayl\u0131 bilgi almak ve projelerinizi hayata ge\u00e7irmek i\u00e7in bizimle ileti\u015fime ge\u00e7in! \u0130leti\u015fime Ge\u00e7<\/p>","protected":false},"author":1,"featured_media":0,"parent":0,"menu_order":2,"comment_status":"closed","ping_status":"closed","template":"","meta":{"_uag_custom_page_level_css":"","site-sidebar-layout":"no-sidebar","site-content-layout":"page-builder","ast-site-content-layout":"full-width-container","site-content-style":"default","site-sidebar-style":"default","ast-global-header-display":"","ast-banner-title-visibility":"","ast-main-header-display":"","ast-hfb-above-header-display":"","ast-hfb-below-header-display":"","ast-hfb-mobile-header-display":"","site-post-title":"disabled","ast-breadcrumbs-content":"","ast-featured-img":"disabled","footer-sml-layout":"","ast-disable-related-posts":"","theme-transparent-header-meta":"","adv-header-id-meta":"","stick-header-meta":"","header-above-stick-meta":"","header-main-stick-meta":"","header-below-stick-meta":"","astra-migrate-meta-layouts":"set","ast-page-background-enabled":"default","ast-page-background-meta":{"desktop":{"background-color":"var(--ast-global-color-4)","background-image":"","background-repeat":"repeat","background-position":"center center","background-size":"auto","background-attachment":"scroll","background-type":"","background-media":"","overlay-type":"","overlay-color":"","overlay-opacity":"","overlay-gradient":""},"tablet":{"background-color":"","background-image":"","background-repeat":"repeat","background-position":"center center","background-size":"auto","background-attachment":"scroll","background-type":"","background-media":"","overlay-type":"","overlay-color":"","overlay-opacity":"","overlay-gradient":""},"mobile":{"background-color":"","background-image":"","background-repeat":"repeat","background-position":"center center","background-size":"auto","background-attachment":"scroll","background-type":"","background-media":"","overlay-type":"","overlay-color":"","overlay-opacity":"","overlay-gradient":""}},"ast-content-background-meta":{"desktop":{"background-color":"var(--ast-global-color-5)","background-image":"","background-repeat":"repeat","background-position":"center center","background-size":"auto","background-attachment":"scroll","background-type":"","background-media":"","overlay-type":"","overlay-color":"","overlay-opacity":"","overlay-gradient":""},"tablet":{"background-color":"var(--ast-global-color-5)","background-image":"","background-repeat":"repeat","background-position":"center center","background-size":"auto","background-attachment":"scroll","background-type":"","background-media":"","overlay-type":"","overlay-color":"","overlay-opacity":"","overlay-gradient":""},"mobile":{"background-color":"var(--ast-global-color-5)","background-image":"","background-repeat":"repeat","background-position":"center center","background-size":"auto","background-attachment":"scroll","background-type":"","background-media":"","overlay-type":"","overlay-color":"","overlay-opacity":"","overlay-gradient":""}},"_joinchat":[],"footnotes":""},"class_list":["post-3467","page","type-page","status-publish","hentry"],"uagb_featured_image_src":{"full":false,"thumbnail":false,"medium":false,"medium_large":false,"large":false,"1536x1536":false,"2048x2048":false,"trp-custom-language-flag":false},"uagb_author_info":{"display_name":"Teslaenerjim","author_link":"https:\/\/teslaenerjim.com\/en\/author\/admin\/"},"uagb_comment_info":0,"uagb_excerpt":"Devam Eden Projeler \u0130zmir Amerikan Hastanesi Projesi Folkart Nova Projesi Elektrik Taahh\u00fct Projeleriniz \u0130\u00e7in Bizimle \u0130leti\u015fime Ge\u00e7in Elektrik projelerinizde g\u00fcvenilir, yenilik\u00e7i ve profesyonel \u00e7\u00f6z\u00fcmler i\u00e7in TESLA KRON\u0130K ENERJ\u0130 olarak her zaman yan\u0131n\u0131zday\u0131z.Detayl\u0131 bilgi almak ve projelerinizi hayata ge\u00e7irmek i\u00e7in bizimle ileti\u015fime ge\u00e7in! \u0130leti\u015fime Ge\u00e7","jetpack_sharing_enabled":true,"_links":{"self":[{"href":"https:\/\/teslaenerjim.com\/en\/wp-json\/wp\/v2\/pages\/3467","targetHints":{"allow":["GET"]}}],"collection":[{"href":"https:\/\/teslaenerjim.com\/en\/wp-json\/wp\/v2\/pages"}],"about":[{"href":"https:\/\/teslaenerjim.com\/en\/wp-json\/wp\/v2\/types\/page"}],"author":[{"embeddable":true,"href":"https:\/\/teslaenerjim.com\/en\/wp-json\/wp\/v2\/users\/1"}],"replies":[{"embeddable":true,"href":"https:\/\/teslaenerjim.com\/en\/wp-json\/wp\/v2\/comments?post=3467"}],"version-history":[{"count":6,"href":"https:\/\/teslaenerjim.com\/en\/wp-json\/wp\/v2\/pages\/3467\/revisions"}],"predecessor-version":[{"id":7161,"href":"https:\/\/teslaenerjim.com\/en\/wp-json\/wp\/v2\/pages\/3467\/revisions\/7161"}],"wp:attachment":[{"href":"https:\/\/teslaenerjim.com\/en\/wp-json\/wp\/v2\/media?parent=3467"}],"curies":[{"name":"wp","href":"https:\/\/api.w.org\/{rel}","templated":true}]}}