{"id":4638,"date":"2024-12-11T22:17:01","date_gmt":"2024-12-11T19:17:01","guid":{"rendered":"https:\/\/teslaenerjim.com\/?page_id=4638"},"modified":"2025-07-20T16:51:32","modified_gmt":"2025-07-20T13:51:32","slug":"koc-universitesi-yurt-projesi","status":"publish","type":"page","link":"https:\/\/teslaenerjim.com\/en\/koc-universitesi-yurt-projesi\/","title":{"rendered":"Ko\u00e7 \u00dcniversitesi Yurt Yerle\u015fkesi Projesi"},"content":{"rendered":"<div data-elementor-type=\"wp-page\" data-elementor-id=\"4638\" class=\"elementor elementor-4638\" data-elementor-post-type=\"page\">\n\t\t\t\t<div class=\"elementor-element elementor-element-f2dd5b3 e-flex e-con-boxed e-con e-parent\" data-id=\"f2dd5b3\" data-element_type=\"container\" data-e-type=\"container\">\n\t\t\t\t\t<div class=\"e-con-inner\">\n\t\t\t\t<div class=\"elementor-element elementor-element-395291d elementor-widget elementor-widget-spacer\" data-id=\"395291d\" data-element_type=\"widget\" data-e-type=\"widget\" data-widget_type=\"spacer.default\">\n\t\t\t\t<div class=\"elementor-widget-container\">\n\t\t\t\t\t\t\t<div class=\"elementor-spacer\">\n\t\t\t<div class=\"elementor-spacer-inner\"><\/div>\n\t\t<\/div>\n\t\t\t\t\t\t<\/div>\n\t\t\t\t<\/div>\n\t\t\t\t\t<\/div>\n\t\t\t\t<\/div>\n\t\t<div class=\"elementor-element elementor-element-ccaed8b e-con-full e-flex e-con e-parent\" data-id=\"ccaed8b\" data-element_type=\"container\" data-e-type=\"container\">\n\t\t<div class=\"elementor-element elementor-element-201ca78 e-con-full e-flex e-con e-child\" data-id=\"201ca78\" data-element_type=\"container\" data-e-type=\"container\">\n\t\t\t\t<div class=\"elementor-element elementor-element-fb2e0c7 elementor-widget elementor-widget-heading\" data-id=\"fb2e0c7\" data-element_type=\"widget\" data-e-type=\"widget\" data-widget_type=\"heading.default\">\n\t\t\t\t<div class=\"elementor-widget-container\">\n\t\t\t\t\t<h1 class=\"elementor-heading-title elementor-size-default\">The Ko\u00e7 University Dormitory Project <\/h1>\t\t\t\t<\/div>\n\t\t\t\t<\/div>\n\t\t\t\t<div class=\"elementor-element elementor-element-5757bd6 elementor-widget-divider--view-line elementor-widget elementor-widget-divider\" data-id=\"5757bd6\" data-element_type=\"widget\" data-e-type=\"widget\" data-widget_type=\"divider.default\">\n\t\t\t\t<div class=\"elementor-widget-container\">\n\t\t\t\t\t\t\t<div class=\"elementor-divider\">\n\t\t\t<span class=\"elementor-divider-separator\">\n\t\t\t\t\t\t<\/span>\n\t\t<\/div>\n\t\t\t\t\t\t<\/div>\n\t\t\t\t<\/div>\n\t\t\t\t<div class=\"elementor-element elementor-element-329895a elementor-widget elementor-widget-text-editor\" data-id=\"329895a\" data-element_type=\"widget\" data-e-type=\"widget\" data-widget_type=\"text-editor.default\">\n\t\t\t\t<div class=\"elementor-widget-container\">\n\t\t\t\t\t\t\t\t\t<ul><li><strong><span style=\"color: #000000;\">Project Location: Istanbul\/T\u00fcrkiye<br \/><br \/><\/span><\/strong><\/li><li><strong><span style=\"color: #000000;\">Completion Time: 2023<br \/><br \/><\/span><\/strong><\/li><li><strong><span style=\"color: #000000;\">Closed Area: 40.000 m2<br \/><br \/><\/span><\/strong><\/li><li><strong><span style=\"color: #000000;\">Employer: ORGE<\/span><\/strong><\/li><\/ul>\t\t\t\t\t\t\t\t<\/div>\n\t\t\t\t<\/div>\n\t\t\t\t<div class=\"elementor-element elementor-element-d4e3905 elementor-widget elementor-widget-heading\" data-id=\"d4e3905\" data-element_type=\"widget\" data-e-type=\"widget\" data-widget_type=\"heading.default\">\n\t\t\t\t<div class=\"elementor-widget-container\">\n\t\t\t\t\t<h2 class=\"elementor-heading-title elementor-size-default\">Scope of Work<\/h2>\t\t\t\t<\/div>\n\t\t\t\t<\/div>\n\t\t\t\t<div class=\"elementor-element elementor-element-dbf02a1 elementor-widget-divider--view-line elementor-widget elementor-widget-divider\" data-id=\"dbf02a1\" data-element_type=\"widget\" data-e-type=\"widget\" data-widget_type=\"divider.default\">\n\t\t\t\t<div class=\"elementor-widget-container\">\n\t\t\t\t\t\t\t<div class=\"elementor-divider\">\n\t\t\t<span class=\"elementor-divider-separator\">\n\t\t\t\t\t\t<\/span>\n\t\t<\/div>\n\t\t\t\t\t\t<\/div>\n\t\t\t\t<\/div>\n\t\t\t\t<div class=\"elementor-element elementor-element-6b4895a elementor-widget elementor-widget-text-editor\" data-id=\"6b4895a\" data-element_type=\"widget\" data-e-type=\"widget\" data-widget_type=\"text-editor.default\">\n\t\t\t\t<div class=\"elementor-widget-container\">\n\t\t\t\t\t\t\t\t\t<ul><li><span style=\"color: #000000;\"><span style=\"color: #000000;\"><strong>Generator Groups &amp; Synchronization<\/strong><\/span><\/span><\/li><li><span style=\"color: #000000;\"><span style=\"color: #000000;\"><strong>Low Voltage Distribution Panels<\/strong><\/span><\/span><\/li><li><span style=\"color: #000000;\"><span style=\"color: #000000;\"><strong>Low Voltage Distribution Installation<\/strong><\/span><\/span><\/li><li><span style=\"color: #000000;\"><span style=\"color: #000000;\"><strong>Indoor &amp; Outdoor Lighting<\/strong><\/span><\/span><\/li><li><span style=\"color: #000000;\"><span style=\"color: #000000;\"><strong>Lighting Automation<\/strong><\/span><\/span><\/li><li><span style=\"color: #000000;\"><span style=\"color: #000000;\"><strong>Lightning Protection and Grounding Systems<\/strong><\/span><\/span><\/li><li><span style=\"color: #000000;\"><span style=\"color: #000000;\"><strong>UPS-Uninterruptible Power Supplies<\/strong><\/span><\/span><\/li><li><span style=\"color: #000000;\"><span style=\"color: #000000;\"><strong>CCTV-IPCCTV Installation<\/strong><\/span><\/span><\/li><li><span style=\"color: #000000;\"><span style=\"color: #000000;\"><strong>TV\/IPTV\/SMATV System<\/strong><\/span><\/span><\/li><li><span style=\"color: #000000;\"><span style=\"color: #000000;\"><strong>Data System<\/strong><\/span><\/span><\/li><li><span style=\"color: #000000;\"><strong>Parking Guidance Systems<\/strong><\/span><\/li><\/ul>\t\t\t\t\t\t\t\t<\/div>\n\t\t\t\t<\/div>\n\t\t\t\t<div class=\"elementor-element elementor-element-23a02e6 elementor-widget elementor-widget-heading\" data-id=\"23a02e6\" data-element_type=\"widget\" data-e-type=\"widget\" data-widget_type=\"heading.default\">\n\t\t\t\t<div class=\"elementor-widget-container\">\n\t\t\t\t\t<h3 class=\"elementor-heading-title elementor-size-default\">Solutions That Power the Future<\/h3>\t\t\t\t<\/div>\n\t\t\t\t<\/div>\n\t\t\t\t<div class=\"elementor-element elementor-element-0124c3e elementor-widget-divider--view-line elementor-widget elementor-widget-divider\" data-id=\"0124c3e\" data-element_type=\"widget\" data-e-type=\"widget\" data-widget_type=\"divider.default\">\n\t\t\t\t<div class=\"elementor-widget-container\">\n\t\t\t\t\t\t\t<div class=\"elementor-divider\">\n\t\t\t<span class=\"elementor-divider-separator\">\n\t\t\t\t\t\t<\/span>\n\t\t<\/div>\n\t\t\t\t\t\t<\/div>\n\t\t\t\t<\/div>\n\t\t\t\t<div class=\"elementor-element elementor-element-f81675f elementor-widget elementor-widget-text-editor\" data-id=\"f81675f\" data-element_type=\"widget\" data-e-type=\"widget\" data-widget_type=\"text-editor.default\">\n\t\t\t\t<div class=\"elementor-widget-container\">\n\t\t\t\t\t\t\t\t\t<p style=\"text-align: left;\"><span style=\"color: #000000;\">We provided comfort, security, and uninterrupted power with the innovative electrical systems we offered at the Ko\u00e7 University Dormitory Project. We successfully completed the entire electrical infrastructure for this massive 40,000 m\u00b2 project, from generator synchronization and lighting automation to CCTV systems and UPS solutions.<\/span><\/p><p style=\"text-align: left;\"><span style=\"color: #000000;\"><strong>If you're looking for reliable and expert solutions for your projects, contact us. Let's brighten your future together!<\/strong><\/span><\/p>\t\t\t\t\t\t\t\t<\/div>\n\t\t\t\t<\/div>\n\t\t\t\t<div class=\"elementor-element elementor-element-823dbf2 elementor-align-center elementor-widget elementor-widget-button\" data-id=\"823dbf2\" data-element_type=\"widget\" data-e-type=\"widget\" data-widget_type=\"button.default\">\n\t\t\t\t<div class=\"elementor-widget-container\">\n\t\t\t\t\t\t\t\t\t<div class=\"elementor-button-wrapper\">\n\t\t\t\t\t<a class=\"elementor-button elementor-button-link elementor-size-sm\" href=\"https:\/\/teslaenerjim.com\/en\/iletisim\/\" target=\"_blank\">\n\t\t\t\t\t\t<span class=\"elementor-button-content-wrapper\">\n\t\t\t\t\t\t<span class=\"elementor-button-icon\">\n\t\t\t\t<svg aria-hidden=\"true\" class=\"e-font-icon-svg e-fas-angle-double-right\" viewbox=\"0 0 448 512\" xmlns=\"http:\/\/www.w3.org\/2000\/svg\"><path d=\"M224.3 273l-136 136c-9.4 9.4-24.6 9.4-33.9 0l-22.6-22.6c-9.4-9.4-9.4-24.6 0-33.9l96.4-96.4-96.4-96.4c-9.4-9.4-9.4-24.6 0-33.9L54.3 103c9.4-9.4 24.6-9.4 33.9 0l136 136c9.5 9.4 9.5 24.6.1 34zm192-34l-136-136c-9.4-9.4-24.6-9.4-33.9 0l-22.6 22.6c-9.4 9.4-9.4 24.6 0 33.9l96.4 96.4-96.4 96.4c-9.4 9.4-9.4 24.6 0 33.9l22.6 22.6c9.4 9.4 24.6 9.4 33.9 0l136-136c9.4-9.2 9.4-24.4 0-33.8z\"><\/path><\/svg>\t\t\t<\/span>\n\t\t\t\t\t\t\t\t\t<span class=\"elementor-button-text\">Contact Us<\/span>\n\t\t\t\t\t<\/span>\n\t\t\t\t\t<\/a>\n\t\t\t\t<\/div>\n\t\t\t\t\t\t\t\t<\/div>\n\t\t\t\t<\/div>\n\t\t\t\t<\/div>\n\t\t<div class=\"elementor-element elementor-element-9aa1b4e e-con-full e-flex e-con e-child\" data-id=\"9aa1b4e\" data-element_type=\"container\" data-e-type=\"container\">\n\t\t\t\t<div class=\"elementor-element elementor-element-e6ed30a elementor-widget elementor-widget-image\" data-id=\"e6ed30a\" data-element_type=\"widget\" data-e-type=\"widget\" data-widget_type=\"image.default\">\n\t\t\t\t<div class=\"elementor-widget-container\">\n\t\t\t\t\t\t\t\t\t\t\t\t\t\t\t<img fetchpriority=\"high\" decoding=\"async\" width=\"1140\" height=\"630\" src=\"https:\/\/i0.wp.com\/teslaenerjim.com\/wp-content\/uploads\/Adsiz-tasarim-1.webp?fit=1140%2C630&amp;ssl=1\" class=\"attachment-full size-full wp-image-4643\" alt=\"\" srcset=\"https:\/\/i0.wp.com\/teslaenerjim.com\/wp-content\/uploads\/Adsiz-tasarim-1.webp?w=1140&amp;ssl=1 1140w, https:\/\/i0.wp.com\/teslaenerjim.com\/wp-content\/uploads\/Adsiz-tasarim-1.webp?resize=300%2C166&amp;ssl=1 300w, https:\/\/i0.wp.com\/teslaenerjim.com\/wp-content\/uploads\/Adsiz-tasarim-1.webp?resize=1024%2C566&amp;ssl=1 1024w, https:\/\/i0.wp.com\/teslaenerjim.com\/wp-content\/uploads\/Adsiz-tasarim-1.webp?resize=768%2C424&amp;ssl=1 768w\" sizes=\"(max-width: 1140px) 100vw, 1140px\" \/>\t\t\t\t\t\t\t\t\t\t\t\t\t\t\t<\/div>\n\t\t\t\t<\/div>\n\t\t\t\t<div class=\"elementor-element elementor-element-1e365ad elementor-widget elementor-widget-image\" data-id=\"1e365ad\" data-element_type=\"widget\" data-e-type=\"widget\" data-widget_type=\"image.default\">\n\t\t\t\t<div class=\"elementor-widget-container\">\n\t\t\t\t\t\t\t\t\t\t\t\t\t\t\t<img decoding=\"async\" width=\"1024\" height=\"566\" src=\"https:\/\/i0.wp.com\/teslaenerjim.com\/wp-content\/uploads\/Adsiz-tasarim-1-21.42.00.webp?fit=1024%2C566&amp;ssl=1\" class=\"attachment-large size-large wp-image-4640\" alt=\"\" srcset=\"https:\/\/i0.wp.com\/teslaenerjim.com\/wp-content\/uploads\/Adsiz-tasarim-1-21.42.00.webp?w=1140&amp;ssl=1 1140w, https:\/\/i0.wp.com\/teslaenerjim.com\/wp-content\/uploads\/Adsiz-tasarim-1-21.42.00.webp?resize=300%2C166&amp;ssl=1 300w, https:\/\/i0.wp.com\/teslaenerjim.com\/wp-content\/uploads\/Adsiz-tasarim-1-21.42.00.webp?resize=1024%2C566&amp;ssl=1 1024w, https:\/\/i0.wp.com\/teslaenerjim.com\/wp-content\/uploads\/Adsiz-tasarim-1-21.42.00.webp?resize=768%2C424&amp;ssl=1 768w\" sizes=\"(max-width: 1024px) 100vw, 1024px\" \/>\t\t\t\t\t\t\t\t\t\t\t\t\t\t\t<\/div>\n\t\t\t\t<\/div>\n\t\t\t\t<div class=\"elementor-element elementor-element-401f720 elementor-widget elementor-widget-image\" data-id=\"401f720\" data-element_type=\"widget\" data-e-type=\"widget\" data-widget_type=\"image.default\">\n\t\t\t\t<div class=\"elementor-widget-container\">\n\t\t\t\t\t\t\t\t\t\t\t\t\t\t\t<img data-recalc-dims=\"1\" decoding=\"async\" src=\"https:\/\/i0.wp.com\/teslaenerjim.com\/wp-content\/uploads\/Adsiz-tasarim-11-1.png?ssl=1\" title=\"\" alt=\"\" loading=\"lazy\" \/>\t\t\t\t\t\t\t\t\t\t\t\t\t\t\t<\/div>\n\t\t\t\t<\/div>\n\t\t\t\t<div class=\"elementor-element elementor-element-281e599 elementor-widget elementor-widget-image\" data-id=\"281e599\" data-element_type=\"widget\" data-e-type=\"widget\" data-widget_type=\"image.default\">\n\t\t\t\t<div class=\"elementor-widget-container\">\n\t\t\t\t\t\t\t\t\t\t\t\t\t\t\t<img decoding=\"async\" width=\"1024\" height=\"566\" src=\"https:\/\/i0.wp.com\/teslaenerjim.com\/wp-content\/uploads\/Adsiz-tasarim-2-21.42.00.webp?fit=1024%2C566&amp;ssl=1\" class=\"attachment-large size-large wp-image-4641\" alt=\"\" srcset=\"https:\/\/i0.wp.com\/teslaenerjim.com\/wp-content\/uploads\/Adsiz-tasarim-2-21.42.00.webp?w=1140&amp;ssl=1 1140w, https:\/\/i0.wp.com\/teslaenerjim.com\/wp-content\/uploads\/Adsiz-tasarim-2-21.42.00.webp?resize=300%2C166&amp;ssl=1 300w, https:\/\/i0.wp.com\/teslaenerjim.com\/wp-content\/uploads\/Adsiz-tasarim-2-21.42.00.webp?resize=1024%2C566&amp;ssl=1 1024w, https:\/\/i0.wp.com\/teslaenerjim.com\/wp-content\/uploads\/Adsiz-tasarim-2-21.42.00.webp?resize=768%2C424&amp;ssl=1 768w\" sizes=\"(max-width: 1024px) 100vw, 1024px\" \/>\t\t\t\t\t\t\t\t\t\t\t\t\t\t\t<\/div>\n\t\t\t\t<\/div>\n\t\t\t\t<\/div>\n\t\t\t\t<\/div>\n\t\t\t\t<\/div>","protected":false},"excerpt":{"rendered":"<p>Ko\u00e7 \u00dcniversitesi Yurt Projesi Projenin Yeri : \u0130stanbul\/T\u00fcrkiye Tamamlanma Zaman\u0131: 2023 Kapal\u0131 Alan: 40.000 m2 \u0130\u015fveren: ORGE \u0130\u015fin Kapsam\u0131 Jenerat\u00f6r Gruplar\u0131&amp; Senkronizasyon Al\u00e7ak Gerilim Da\u011f\u0131t\u0131m Panolar\u0131 Al\u00e7ak Gerilim Da\u011f\u0131t\u0131m Tesisat\u0131 \u0130\u00e7 &amp; D\u0131\u015f Ayd\u0131nlatma Ayd\u0131nlatma Otomasyonu Y\u0131ld\u0131r\u0131mdan Korunma &amp; Topraklama UPS-Kesintisiz G\u00fc\u00e7 Kaynaklar\u0131 CCTV-IPCCTV Tesisat\u0131 TV\/IPTV\/SMATV Sistemi Data Sistemi Otopark Y\u00f6nlendirme Sistemi Gelece\u011fe G\u00fc\u00e7 Veren [&hellip;]<\/p>","protected":false},"author":1,"featured_media":0,"parent":0,"menu_order":0,"comment_status":"closed","ping_status":"closed","template":"","meta":{"_uag_custom_page_level_css":"","site-sidebar-layout":"no-sidebar","site-content-layout":"page-builder","ast-site-content-layout":"full-width-container","site-content-style":"default","site-sidebar-style":"default","ast-global-header-display":"","ast-banner-title-visibility":"","ast-main-header-display":"","ast-hfb-above-header-display":"","ast-hfb-below-header-display":"","ast-hfb-mobile-header-display":"","site-post-title":"disabled","ast-breadcrumbs-content":"","ast-featured-img":"disabled","footer-sml-layout":"","ast-disable-related-posts":"","theme-transparent-header-meta":"","adv-header-id-meta":"","stick-header-meta":"","header-above-stick-meta":"","header-main-stick-meta":"","header-below-stick-meta":"","astra-migrate-meta-layouts":"set","ast-page-background-enabled":"default","ast-page-background-meta":{"desktop":{"background-color":"var(--ast-global-color-4)","background-image":"","background-repeat":"repeat","background-position":"center center","background-size":"auto","background-attachment":"scroll","background-type":"","background-media":"","overlay-type":"","overlay-color":"","overlay-opacity":"","overlay-gradient":""},"tablet":{"background-color":"","background-image":"","background-repeat":"repeat","background-position":"center center","background-size":"auto","background-attachment":"scroll","background-type":"","background-media":"","overlay-type":"","overlay-color":"","overlay-opacity":"","overlay-gradient":""},"mobile":{"background-color":"","background-image":"","background-repeat":"repeat","background-position":"center center","background-size":"auto","background-attachment":"scroll","background-type":"","background-media":"","overlay-type":"","overlay-color":"","overlay-opacity":"","overlay-gradient":""}},"ast-content-background-meta":{"desktop":{"background-color":"var(--ast-global-color-5)","background-image":"","background-repeat":"repeat","background-position":"center center","background-size":"auto","background-attachment":"scroll","background-type":"","background-media":"","overlay-type":"","overlay-color":"","overlay-opacity":"","overlay-gradient":""},"tablet":{"background-color":"var(--ast-global-color-5)","background-image":"","background-repeat":"repeat","background-position":"center center","background-size":"auto","background-attachment":"scroll","background-type":"","background-media":"","overlay-type":"","overlay-color":"","overlay-opacity":"","overlay-gradient":""},"mobile":{"background-color":"var(--ast-global-color-5)","background-image":"","background-repeat":"repeat","background-position":"center center","background-size":"auto","background-attachment":"scroll","background-type":"","background-media":"","overlay-type":"","overlay-color":"","overlay-opacity":"","overlay-gradient":""}},"_joinchat":[],"footnotes":""},"class_list":["post-4638","page","type-page","status-publish","hentry"],"uagb_featured_image_src":{"full":false,"thumbnail":false,"medium":false,"medium_large":false,"large":false,"1536x1536":false,"2048x2048":false,"trp-custom-language-flag":false},"uagb_author_info":{"display_name":"Teslaenerjim","author_link":"https:\/\/teslaenerjim.com\/en\/author\/admin\/"},"uagb_comment_info":0,"uagb_excerpt":"Ko\u00e7 \u00dcniversitesi Yurt Projesi Projenin Yeri : \u0130stanbul\/T\u00fcrkiye Tamamlanma Zaman\u0131: 2023 Kapal\u0131 Alan: 40.000 m2 \u0130\u015fveren: ORGE \u0130\u015fin Kapsam\u0131 Jenerat\u00f6r Gruplar\u0131&amp; Senkronizasyon Al\u00e7ak Gerilim Da\u011f\u0131t\u0131m Panolar\u0131 Al\u00e7ak Gerilim Da\u011f\u0131t\u0131m Tesisat\u0131 \u0130\u00e7 &amp; D\u0131\u015f Ayd\u0131nlatma Ayd\u0131nlatma Otomasyonu Y\u0131ld\u0131r\u0131mdan Korunma &amp; Topraklama UPS-Kesintisiz G\u00fc\u00e7 Kaynaklar\u0131 CCTV-IPCCTV Tesisat\u0131 TV\/IPTV\/SMATV Sistemi Data Sistemi Otopark Y\u00f6nlendirme Sistemi Gelece\u011fe G\u00fc\u00e7 Veren&hellip;","jetpack_sharing_enabled":true,"_links":{"self":[{"href":"https:\/\/teslaenerjim.com\/en\/wp-json\/wp\/v2\/pages\/4638","targetHints":{"allow":["GET"]}}],"collection":[{"href":"https:\/\/teslaenerjim.com\/en\/wp-json\/wp\/v2\/pages"}],"about":[{"href":"https:\/\/teslaenerjim.com\/en\/wp-json\/wp\/v2\/types\/page"}],"author":[{"embeddable":true,"href":"https:\/\/teslaenerjim.com\/en\/wp-json\/wp\/v2\/users\/1"}],"replies":[{"embeddable":true,"href":"https:\/\/teslaenerjim.com\/en\/wp-json\/wp\/v2\/comments?post=4638"}],"version-history":[{"count":6,"href":"https:\/\/teslaenerjim.com\/en\/wp-json\/wp\/v2\/pages\/4638\/revisions"}],"predecessor-version":[{"id":6735,"href":"https:\/\/teslaenerjim.com\/en\/wp-json\/wp\/v2\/pages\/4638\/revisions\/6735"}],"wp:attachment":[{"href":"https:\/\/teslaenerjim.com\/en\/wp-json\/wp\/v2\/media?parent=4638"}],"curies":[{"name":"wp","href":"https:\/\/api.w.org\/{rel}","templated":true}]}}