{"id":4701,"date":"2024-12-12T00:19:51","date_gmt":"2024-12-11T21:19:51","guid":{"rendered":"https:\/\/teslaenerjim.com\/?page_id=4701"},"modified":"2025-07-27T14:19:34","modified_gmt":"2025-07-27T11:19:34","slug":"officelink-projesi","status":"publish","type":"page","link":"https:\/\/teslaenerjim.com\/en\/officelink-projesi\/","title":{"rendered":"OfficeLink Projeesi"},"content":{"rendered":"<div data-elementor-type=\"wp-page\" data-elementor-id=\"4701\" class=\"elementor elementor-4701\" data-elementor-post-type=\"page\">\n\t\t\t\t<div class=\"elementor-element elementor-element-fb8bc25 e-flex e-con-boxed e-con e-parent\" data-id=\"fb8bc25\" data-element_type=\"container\" data-e-type=\"container\">\n\t\t\t\t\t<div class=\"e-con-inner\">\n\t\t\t\t<div class=\"elementor-element elementor-element-03923c6 elementor-widget elementor-widget-spacer\" data-id=\"03923c6\" data-element_type=\"widget\" data-e-type=\"widget\" data-widget_type=\"spacer.default\">\n\t\t\t\t<div class=\"elementor-widget-container\">\n\t\t\t\t\t\t\t<div class=\"elementor-spacer\">\n\t\t\t<div class=\"elementor-spacer-inner\"><\/div>\n\t\t<\/div>\n\t\t\t\t\t\t<\/div>\n\t\t\t\t<\/div>\n\t\t\t\t\t<\/div>\n\t\t\t\t<\/div>\n\t\t<div class=\"elementor-element elementor-element-ab20a47 e-flex e-con-boxed e-con e-parent\" data-id=\"ab20a47\" data-element_type=\"container\" data-e-type=\"container\">\n\t\t\t\t\t<div class=\"e-con-inner\">\n\t\t<div class=\"elementor-element elementor-element-9eb9691 e-con-full e-flex e-con e-child\" data-id=\"9eb9691\" data-element_type=\"container\" data-e-type=\"container\">\n\t\t\t\t<div class=\"elementor-element elementor-element-82e66b6 elementor-widget elementor-widget-heading\" data-id=\"82e66b6\" data-element_type=\"widget\" data-e-type=\"widget\" data-widget_type=\"heading.default\">\n\t\t\t\t<div class=\"elementor-widget-container\">\n\t\t\t\t\t<h1 class=\"elementor-heading-title elementor-size-default\">The OfficeLink Project<\/h1>\t\t\t\t<\/div>\n\t\t\t\t<\/div>\n\t\t\t\t<div class=\"elementor-element elementor-element-3f609c4 elementor-widget-divider--view-line elementor-widget elementor-widget-divider\" data-id=\"3f609c4\" data-element_type=\"widget\" data-e-type=\"widget\" data-widget_type=\"divider.default\">\n\t\t\t\t<div class=\"elementor-widget-container\">\n\t\t\t\t\t\t\t<div class=\"elementor-divider\">\n\t\t\t<span class=\"elementor-divider-separator\">\n\t\t\t\t\t\t<\/span>\n\t\t<\/div>\n\t\t\t\t\t\t<\/div>\n\t\t\t\t<\/div>\n\t\t\t\t<div class=\"elementor-element elementor-element-66986fb elementor-widget elementor-widget-text-editor\" data-id=\"66986fb\" data-element_type=\"widget\" data-e-type=\"widget\" data-widget_type=\"text-editor.default\">\n\t\t\t\t<div class=\"elementor-widget-container\">\n\t\t\t\t\t\t\t\t\t<ul><li><strong><span style=\"color: #000000;\">Project Location: Istanbul\/T\u00fcrkiye <\/span><\/strong><\/li><li><strong><span style=\"color: #000000;\">Completion Time: 2022<\/span><\/strong><\/li><li><strong><span style=\"color: #000000;\">Closed Area: 2,000 m2 <\/span><\/strong><\/li><li><strong><span style=\"color: #000000;\">Employer: OfficeLink<\/span><\/strong><\/li><\/ul>\t\t\t\t\t\t\t\t<\/div>\n\t\t\t\t<\/div>\n\t\t\t\t<div class=\"elementor-element elementor-element-ab9b01e elementor-widget elementor-widget-heading\" data-id=\"ab9b01e\" data-element_type=\"widget\" data-e-type=\"widget\" data-widget_type=\"heading.default\">\n\t\t\t\t<div class=\"elementor-widget-container\">\n\t\t\t\t\t<h2 class=\"elementor-heading-title elementor-size-default\">Scope of Work<\/h2>\t\t\t\t<\/div>\n\t\t\t\t<\/div>\n\t\t\t\t<div class=\"elementor-element elementor-element-cd2c4e0 elementor-widget-divider--view-line elementor-widget elementor-widget-divider\" data-id=\"cd2c4e0\" data-element_type=\"widget\" data-e-type=\"widget\" data-widget_type=\"divider.default\">\n\t\t\t\t<div class=\"elementor-widget-container\">\n\t\t\t\t\t\t\t<div class=\"elementor-divider\">\n\t\t\t<span class=\"elementor-divider-separator\">\n\t\t\t\t\t\t<\/span>\n\t\t<\/div>\n\t\t\t\t\t\t<\/div>\n\t\t\t\t<\/div>\n\t\t\t\t<div class=\"elementor-element elementor-element-494d4e5 elementor-widget elementor-widget-text-editor\" data-id=\"494d4e5\" data-element_type=\"widget\" data-e-type=\"widget\" data-widget_type=\"text-editor.default\">\n\t\t\t\t<div class=\"elementor-widget-container\">\n\t\t\t\t\t\t\t\t\t<ul><li><span style=\"color: #000000;\"><span style=\"color: #000000;\"><strong>Generator Groups &amp; Synchronization<\/strong><\/span><\/span><\/li><li><span style=\"color: #000000;\"><span style=\"color: #000000;\"><strong>Low Voltage Distribution Panels<\/strong><\/span><\/span><\/li><li><span style=\"color: #000000;\"><span style=\"color: #000000;\"><strong>Low Voltage Distribution Installation<\/strong><\/span><\/span><\/li><li><span style=\"color: #000000;\"><span style=\"color: #000000;\"><strong>Indoor &amp; Outdoor Lighting<\/strong><\/span><\/span><\/li><li><span style=\"color: #000000;\"><span style=\"color: #000000;\"><strong>Lighting Automation<\/strong><\/span><\/span><\/li><li><span style=\"color: #000000;\"><span style=\"color: #000000;\"><strong>UPS-Uninterruptible Power Supplies<\/strong><\/span><\/span><\/li><li><span style=\"color: #000000;\"><span style=\"color: #000000;\"><strong>CCTV-IPCCTV Installation<\/strong><\/span><\/span><\/li><li><span style=\"color: #000000;\"><span style=\"color: #000000;\"><strong>TV\/IPTV\/SMATV System<\/strong><\/span><\/span><\/li><li><span style=\"color: #000000;\"><span style=\"color: #000000;\"><strong>Data System<\/strong><\/span><\/span><\/li><\/ul>\t\t\t\t\t\t\t\t<\/div>\n\t\t\t\t<\/div>\n\t\t\t\t<div class=\"elementor-element elementor-element-e10dc0c elementor-widget elementor-widget-heading\" data-id=\"e10dc0c\" data-element_type=\"widget\" data-e-type=\"widget\" data-widget_type=\"heading.default\">\n\t\t\t\t<div class=\"elementor-widget-container\">\n\t\t\t\t\t<h3 class=\"elementor-heading-title elementor-size-default\">We Add Strength to the Business World<\/h3>\t\t\t\t<\/div>\n\t\t\t\t<\/div>\n\t\t\t\t<div class=\"elementor-element elementor-element-700af1b elementor-widget-divider--view-line elementor-widget elementor-widget-divider\" data-id=\"700af1b\" data-element_type=\"widget\" data-e-type=\"widget\" data-widget_type=\"divider.default\">\n\t\t\t\t<div class=\"elementor-widget-container\">\n\t\t\t\t\t\t\t<div class=\"elementor-divider\">\n\t\t\t<span class=\"elementor-divider-separator\">\n\t\t\t\t\t\t<\/span>\n\t\t<\/div>\n\t\t\t\t\t\t<\/div>\n\t\t\t\t<\/div>\n\t\t\t\t<div class=\"elementor-element elementor-element-039f772 elementor-widget elementor-widget-text-editor\" data-id=\"039f772\" data-element_type=\"widget\" data-e-type=\"widget\" data-widget_type=\"text-editor.default\">\n\t\t\t\t<div class=\"elementor-widget-container\">\n\t\t\t\t\t\t\t\t\t<p><span style=\"color: #000000;\">With the comprehensive electrical infrastructure and lighting solutions we offered in the OfficeLink Project, we made modern office spaces safer, more efficient, and more uninterrupted. From generator synchronization and lighting automation to UPS solutions and CCTV systems, we meticulously implemented every detail.<br \/><br \/><\/span><\/p><p><span style=\"color: #000000;\"><strong>If you're looking for reliable and expert solutions for your office projects, contact us. Let's carry your energy into the future together!<\/strong><\/span><\/p>\t\t\t\t\t\t\t\t<\/div>\n\t\t\t\t<\/div>\n\t\t\t\t<div class=\"elementor-element elementor-element-a325a3a elementor-align-center elementor-widget elementor-widget-button\" data-id=\"a325a3a\" data-element_type=\"widget\" data-e-type=\"widget\" data-widget_type=\"button.default\">\n\t\t\t\t<div class=\"elementor-widget-container\">\n\t\t\t\t\t\t\t\t\t<div class=\"elementor-button-wrapper\">\n\t\t\t\t\t<a class=\"elementor-button elementor-button-link elementor-size-sm\" href=\"https:\/\/teslaenerjim.com\/en\/iletisim\/\" target=\"_blank\">\n\t\t\t\t\t\t<span class=\"elementor-button-content-wrapper\">\n\t\t\t\t\t\t<span class=\"elementor-button-icon\">\n\t\t\t\t<svg aria-hidden=\"true\" class=\"e-font-icon-svg e-fas-angle-double-right\" viewbox=\"0 0 448 512\" xmlns=\"http:\/\/www.w3.org\/2000\/svg\"><path d=\"M224.3 273l-136 136c-9.4 9.4-24.6 9.4-33.9 0l-22.6-22.6c-9.4-9.4-9.4-24.6 0-33.9l96.4-96.4-96.4-96.4c-9.4-9.4-9.4-24.6 0-33.9L54.3 103c9.4-9.4 24.6-9.4 33.9 0l136 136c9.5 9.4 9.5 24.6.1 34zm192-34l-136-136c-9.4-9.4-24.6-9.4-33.9 0l-22.6 22.6c-9.4 9.4-9.4 24.6 0 33.9l96.4 96.4-96.4 96.4c-9.4 9.4-9.4 24.6 0 33.9l22.6 22.6c9.4 9.4 24.6 9.4 33.9 0l136-136c9.4-9.2 9.4-24.4 0-33.8z\"><\/path><\/svg>\t\t\t<\/span>\n\t\t\t\t\t\t\t\t\t<span class=\"elementor-button-text\">Contact Us<\/span>\n\t\t\t\t\t<\/span>\n\t\t\t\t\t<\/a>\n\t\t\t\t<\/div>\n\t\t\t\t\t\t\t\t<\/div>\n\t\t\t\t<\/div>\n\t\t\t\t<\/div>\n\t\t<div class=\"elementor-element elementor-element-c6381ec e-con-full e-flex e-con e-child\" data-id=\"c6381ec\" data-element_type=\"container\" data-e-type=\"container\">\n\t\t\t\t<div class=\"elementor-element elementor-element-64d6fe0 elementor-widget elementor-widget-image\" data-id=\"64d6fe0\" data-element_type=\"widget\" data-e-type=\"widget\" data-widget_type=\"image.default\">\n\t\t\t\t<div class=\"elementor-widget-container\">\n\t\t\t\t\t\t\t\t\t\t\t\t\t\t\t<img fetchpriority=\"high\" decoding=\"async\" width=\"1140\" height=\"630\" src=\"https:\/\/i0.wp.com\/teslaenerjim.com\/wp-content\/uploads\/OfficeLink-Aydinlatma-ve-Armatur.webp?fit=1140%2C630&amp;ssl=1\" class=\"attachment-full size-full wp-image-4706\" alt=\"\" srcset=\"https:\/\/i0.wp.com\/teslaenerjim.com\/wp-content\/uploads\/OfficeLink-Aydinlatma-ve-Armatur.webp?w=1140&amp;ssl=1 1140w, https:\/\/i0.wp.com\/teslaenerjim.com\/wp-content\/uploads\/OfficeLink-Aydinlatma-ve-Armatur.webp?resize=300%2C166&amp;ssl=1 300w, https:\/\/i0.wp.com\/teslaenerjim.com\/wp-content\/uploads\/OfficeLink-Aydinlatma-ve-Armatur.webp?resize=1024%2C566&amp;ssl=1 1024w, https:\/\/i0.wp.com\/teslaenerjim.com\/wp-content\/uploads\/OfficeLink-Aydinlatma-ve-Armatur.webp?resize=768%2C424&amp;ssl=1 768w\" sizes=\"(max-width: 1140px) 100vw, 1140px\" \/>\t\t\t\t\t\t\t\t\t\t\t\t\t\t\t<\/div>\n\t\t\t\t<\/div>\n\t\t\t\t<div class=\"elementor-element elementor-element-7b4dadb elementor-widget elementor-widget-image\" data-id=\"7b4dadb\" data-element_type=\"widget\" data-e-type=\"widget\" data-widget_type=\"image.default\">\n\t\t\t\t<div class=\"elementor-widget-container\">\n\t\t\t\t\t\t\t\t\t\t\t\t\t\t\t<img decoding=\"async\" width=\"1024\" height=\"566\" src=\"https:\/\/i0.wp.com\/teslaenerjim.com\/wp-content\/uploads\/OfficeLink-Aydinlatma-ve-Armatur-kopyasi.webp?fit=1024%2C566&amp;ssl=1\" class=\"attachment-large size-large wp-image-4705\" alt=\"\" srcset=\"https:\/\/i0.wp.com\/teslaenerjim.com\/wp-content\/uploads\/OfficeLink-Aydinlatma-ve-Armatur-kopyasi.webp?w=1140&amp;ssl=1 1140w, https:\/\/i0.wp.com\/teslaenerjim.com\/wp-content\/uploads\/OfficeLink-Aydinlatma-ve-Armatur-kopyasi.webp?resize=300%2C166&amp;ssl=1 300w, https:\/\/i0.wp.com\/teslaenerjim.com\/wp-content\/uploads\/OfficeLink-Aydinlatma-ve-Armatur-kopyasi.webp?resize=1024%2C566&amp;ssl=1 1024w, https:\/\/i0.wp.com\/teslaenerjim.com\/wp-content\/uploads\/OfficeLink-Aydinlatma-ve-Armatur-kopyasi.webp?resize=768%2C424&amp;ssl=1 768w\" sizes=\"(max-width: 1024px) 100vw, 1024px\" \/>\t\t\t\t\t\t\t\t\t\t\t\t\t\t\t<\/div>\n\t\t\t\t<\/div>\n\t\t\t\t<div class=\"elementor-element elementor-element-61489cf elementor-widget elementor-widget-image\" data-id=\"61489cf\" data-element_type=\"widget\" data-e-type=\"widget\" data-widget_type=\"image.default\">\n\t\t\t\t<div class=\"elementor-widget-container\">\n\t\t\t\t\t\t\t\t\t\t\t\t\t\t\t<img decoding=\"async\" width=\"1024\" height=\"566\" src=\"https:\/\/i0.wp.com\/teslaenerjim.com\/wp-content\/uploads\/Adsiz-tasarim-kopyasi.webp?fit=1024%2C566&amp;ssl=1\" class=\"attachment-large size-large wp-image-4704\" alt=\"\" srcset=\"https:\/\/i0.wp.com\/teslaenerjim.com\/wp-content\/uploads\/Adsiz-tasarim-kopyasi.webp?w=1140&amp;ssl=1 1140w, https:\/\/i0.wp.com\/teslaenerjim.com\/wp-content\/uploads\/Adsiz-tasarim-kopyasi.webp?resize=300%2C166&amp;ssl=1 300w, https:\/\/i0.wp.com\/teslaenerjim.com\/wp-content\/uploads\/Adsiz-tasarim-kopyasi.webp?resize=1024%2C566&amp;ssl=1 1024w, https:\/\/i0.wp.com\/teslaenerjim.com\/wp-content\/uploads\/Adsiz-tasarim-kopyasi.webp?resize=768%2C424&amp;ssl=1 768w\" sizes=\"(max-width: 1024px) 100vw, 1024px\" \/>\t\t\t\t\t\t\t\t\t\t\t\t\t\t\t<\/div>\n\t\t\t\t<\/div>\n\t\t\t\t<div class=\"elementor-element elementor-element-3ca6664 elementor-widget elementor-widget-image\" data-id=\"3ca6664\" data-element_type=\"widget\" data-e-type=\"widget\" data-widget_type=\"image.default\">\n\t\t\t\t<div class=\"elementor-widget-container\">\n\t\t\t\t\t\t\t\t\t\t\t\t\t\t\t<img loading=\"lazy\" decoding=\"async\" width=\"1024\" height=\"576\" src=\"https:\/\/i0.wp.com\/teslaenerjim.com\/wp-content\/uploads\/Adsiz-tasarim-10-1.webp?fit=1024%2C576&amp;ssl=1\" class=\"attachment-large size-large wp-image-4703\" alt=\"\" srcset=\"https:\/\/i0.wp.com\/teslaenerjim.com\/wp-content\/uploads\/Adsiz-tasarim-10-1.webp?w=1280&amp;ssl=1 1280w, https:\/\/i0.wp.com\/teslaenerjim.com\/wp-content\/uploads\/Adsiz-tasarim-10-1.webp?resize=300%2C169&amp;ssl=1 300w, https:\/\/i0.wp.com\/teslaenerjim.com\/wp-content\/uploads\/Adsiz-tasarim-10-1.webp?resize=1024%2C576&amp;ssl=1 1024w, https:\/\/i0.wp.com\/teslaenerjim.com\/wp-content\/uploads\/Adsiz-tasarim-10-1.webp?resize=768%2C432&amp;ssl=1 768w\" sizes=\"(max-width: 1024px) 100vw, 1024px\" \/>\t\t\t\t\t\t\t\t\t\t\t\t\t\t\t<\/div>\n\t\t\t\t<\/div>\n\t\t\t\t<\/div>\n\t\t<div class=\"elementor-element elementor-element-4a8a502 e-con-full e-flex e-con e-child\" data-id=\"4a8a502\" data-element_type=\"container\" data-e-type=\"container\">\n\t\t\t\t<\/div>\n\t\t<div class=\"elementor-element elementor-element-1da640d e-con-full e-flex e-con e-child\" data-id=\"1da640d\" data-element_type=\"container\" data-e-type=\"container\">\n\t\t\t\t<\/div>\n\t\t\t\t\t<\/div>\n\t\t\t\t<\/div>\n\t\t\t\t<\/div>","protected":false},"excerpt":{"rendered":"<p>OfficeLink Projesi Projenin Yeri : \u0130stanbul\/T\u00fcrkiye Tamamlanma Zaman\u0131: 2022 Kapal\u0131 Alan: 2.000 m2 \u0130\u015fveren: OfficeLink \u0130\u015fin Kapsam\u0131 Jenerat\u00f6r Gruplar\u0131&amp; Senkronizasyon Al\u00e7ak Gerilim Da\u011f\u0131t\u0131m Panolar\u0131 Al\u00e7ak Gerilim Da\u011f\u0131t\u0131m Tesisat\u0131 \u0130\u00e7 &amp; D\u0131\u015f Ayd\u0131nlatma Ayd\u0131nlatma Otomasyonu UPS-Kesintisiz G\u00fc\u00e7 Kaynaklar\u0131 CCTV-IPCCTV Tesisat\u0131 TV\/IPTV\/SMATV Sistemi Data Sistemi \u0130\u015f D\u00fcnyas\u0131n\u0131n G\u00fcc\u00fcne G\u00fc\u00e7 Kat\u0131yoruz OfficeLink Projesi\u2019nde sundu\u011fumuz kapsaml\u0131 elektrik altyap\u0131s\u0131 ve [&hellip;]<\/p>","protected":false},"author":1,"featured_media":0,"parent":0,"menu_order":0,"comment_status":"closed","ping_status":"closed","template":"","meta":{"_uag_custom_page_level_css":"","site-sidebar-layout":"no-sidebar","site-content-layout":"page-builder","ast-site-content-layout":"full-width-container","site-content-style":"default","site-sidebar-style":"default","ast-global-header-display":"","ast-banner-title-visibility":"","ast-main-header-display":"","ast-hfb-above-header-display":"","ast-hfb-below-header-display":"","ast-hfb-mobile-header-display":"","site-post-title":"disabled","ast-breadcrumbs-content":"","ast-featured-img":"disabled","footer-sml-layout":"","ast-disable-related-posts":"","theme-transparent-header-meta":"","adv-header-id-meta":"","stick-header-meta":"","header-above-stick-meta":"","header-main-stick-meta":"","header-below-stick-meta":"","astra-migrate-meta-layouts":"set","ast-page-background-enabled":"default","ast-page-background-meta":{"desktop":{"background-color":"var(--ast-global-color-4)","background-image":"","background-repeat":"repeat","background-position":"center center","background-size":"auto","background-attachment":"scroll","background-type":"","background-media":"","overlay-type":"","overlay-color":"","overlay-opacity":"","overlay-gradient":""},"tablet":{"background-color":"","background-image":"","background-repeat":"repeat","background-position":"center center","background-size":"auto","background-attachment":"scroll","background-type":"","background-media":"","overlay-type":"","overlay-color":"","overlay-opacity":"","overlay-gradient":""},"mobile":{"background-color":"","background-image":"","background-repeat":"repeat","background-position":"center center","background-size":"auto","background-attachment":"scroll","background-type":"","background-media":"","overlay-type":"","overlay-color":"","overlay-opacity":"","overlay-gradient":""}},"ast-content-background-meta":{"desktop":{"background-color":"var(--ast-global-color-5)","background-image":"","background-repeat":"repeat","background-position":"center center","background-size":"auto","background-attachment":"scroll","background-type":"","background-media":"","overlay-type":"","overlay-color":"","overlay-opacity":"","overlay-gradient":""},"tablet":{"background-color":"var(--ast-global-color-5)","background-image":"","background-repeat":"repeat","background-position":"center center","background-size":"auto","background-attachment":"scroll","background-type":"","background-media":"","overlay-type":"","overlay-color":"","overlay-opacity":"","overlay-gradient":""},"mobile":{"background-color":"var(--ast-global-color-5)","background-image":"","background-repeat":"repeat","background-position":"center center","background-size":"auto","background-attachment":"scroll","background-type":"","background-media":"","overlay-type":"","overlay-color":"","overlay-opacity":"","overlay-gradient":""}},"_joinchat":[],"footnotes":""},"class_list":["post-4701","page","type-page","status-publish","hentry"],"uagb_featured_image_src":{"full":false,"thumbnail":false,"medium":false,"medium_large":false,"large":false,"1536x1536":false,"2048x2048":false,"trp-custom-language-flag":false},"uagb_author_info":{"display_name":"Teslaenerjim","author_link":"https:\/\/teslaenerjim.com\/en\/author\/admin\/"},"uagb_comment_info":0,"uagb_excerpt":"OfficeLink Projesi Projenin Yeri : \u0130stanbul\/T\u00fcrkiye Tamamlanma Zaman\u0131: 2022 Kapal\u0131 Alan: 2.000 m2 \u0130\u015fveren: OfficeLink \u0130\u015fin Kapsam\u0131 Jenerat\u00f6r Gruplar\u0131&amp; Senkronizasyon Al\u00e7ak Gerilim Da\u011f\u0131t\u0131m Panolar\u0131 Al\u00e7ak Gerilim Da\u011f\u0131t\u0131m Tesisat\u0131 \u0130\u00e7 &amp; D\u0131\u015f Ayd\u0131nlatma Ayd\u0131nlatma Otomasyonu UPS-Kesintisiz G\u00fc\u00e7 Kaynaklar\u0131 CCTV-IPCCTV Tesisat\u0131 TV\/IPTV\/SMATV Sistemi Data Sistemi \u0130\u015f D\u00fcnyas\u0131n\u0131n G\u00fcc\u00fcne G\u00fc\u00e7 Kat\u0131yoruz OfficeLink Projesi\u2019nde sundu\u011fumuz kapsaml\u0131 elektrik altyap\u0131s\u0131 ve&hellip;","jetpack_sharing_enabled":true,"_links":{"self":[{"href":"https:\/\/teslaenerjim.com\/en\/wp-json\/wp\/v2\/pages\/4701","targetHints":{"allow":["GET"]}}],"collection":[{"href":"https:\/\/teslaenerjim.com\/en\/wp-json\/wp\/v2\/pages"}],"about":[{"href":"https:\/\/teslaenerjim.com\/en\/wp-json\/wp\/v2\/types\/page"}],"author":[{"embeddable":true,"href":"https:\/\/teslaenerjim.com\/en\/wp-json\/wp\/v2\/users\/1"}],"replies":[{"embeddable":true,"href":"https:\/\/teslaenerjim.com\/en\/wp-json\/wp\/v2\/comments?post=4701"}],"version-history":[{"count":6,"href":"https:\/\/teslaenerjim.com\/en\/wp-json\/wp\/v2\/pages\/4701\/revisions"}],"predecessor-version":[{"id":7151,"href":"https:\/\/teslaenerjim.com\/en\/wp-json\/wp\/v2\/pages\/4701\/revisions\/7151"}],"wp:attachment":[{"href":"https:\/\/teslaenerjim.com\/en\/wp-json\/wp\/v2\/media?parent=4701"}],"curies":[{"name":"wp","href":"https:\/\/api.w.org\/{rel}","templated":true}]}}