{"id":4716,"date":"2024-12-12T00:47:32","date_gmt":"2024-12-11T21:47:32","guid":{"rendered":"https:\/\/teslaenerjim.com\/?page_id=4716"},"modified":"2025-07-24T23:07:19","modified_gmt":"2025-07-24T20:07:19","slug":"mardas-liman-ofisleri-projesi","status":"publish","type":"page","link":"https:\/\/teslaenerjim.com\/en\/mardas-liman-ofisleri-projesi\/","title":{"rendered":"Marda\u015f Liman Ofisleri Projesi"},"content":{"rendered":"<div data-elementor-type=\"wp-page\" data-elementor-id=\"4716\" class=\"elementor elementor-4716\" data-elementor-post-type=\"page\">\n\t\t\t\t<div class=\"elementor-element elementor-element-d18141d e-flex e-con-boxed e-con e-parent\" data-id=\"d18141d\" data-element_type=\"container\" data-e-type=\"container\">\n\t\t\t\t\t<div class=\"e-con-inner\">\n\t\t\t\t<div class=\"elementor-element elementor-element-e384258 elementor-widget elementor-widget-spacer\" data-id=\"e384258\" data-element_type=\"widget\" data-e-type=\"widget\" data-widget_type=\"spacer.default\">\n\t\t\t\t<div class=\"elementor-widget-container\">\n\t\t\t\t\t\t\t<div class=\"elementor-spacer\">\n\t\t\t<div class=\"elementor-spacer-inner\"><\/div>\n\t\t<\/div>\n\t\t\t\t\t\t<\/div>\n\t\t\t\t<\/div>\n\t\t\t\t\t<\/div>\n\t\t\t\t<\/div>\n\t\t<div class=\"elementor-element elementor-element-714c07b e-flex e-con-boxed e-con e-parent\" data-id=\"714c07b\" data-element_type=\"container\" data-e-type=\"container\">\n\t\t\t\t\t<div class=\"e-con-inner\">\n\t\t<div class=\"elementor-element elementor-element-3335d82 e-con-full e-flex e-con e-child\" data-id=\"3335d82\" data-element_type=\"container\" data-e-type=\"container\">\n\t\t\t\t<div class=\"elementor-element elementor-element-1cbb02b elementor-widget elementor-widget-heading\" data-id=\"1cbb02b\" data-element_type=\"widget\" data-e-type=\"widget\" data-widget_type=\"heading.default\">\n\t\t\t\t<div class=\"elementor-widget-container\">\n\t\t\t\t\t<h1 class=\"elementor-heading-title elementor-size-default\">The Marda\u015f Port Offices<\/h1>\t\t\t\t<\/div>\n\t\t\t\t<\/div>\n\t\t\t\t<div class=\"elementor-element elementor-element-61b82c9 elementor-widget-divider--view-line elementor-widget elementor-widget-divider\" data-id=\"61b82c9\" data-element_type=\"widget\" data-e-type=\"widget\" data-widget_type=\"divider.default\">\n\t\t\t\t<div class=\"elementor-widget-container\">\n\t\t\t\t\t\t\t<div class=\"elementor-divider\">\n\t\t\t<span class=\"elementor-divider-separator\">\n\t\t\t\t\t\t<\/span>\n\t\t<\/div>\n\t\t\t\t\t\t<\/div>\n\t\t\t\t<\/div>\n\t\t\t\t<div class=\"elementor-element elementor-element-0287a6f elementor-widget elementor-widget-text-editor\" data-id=\"0287a6f\" data-element_type=\"widget\" data-e-type=\"widget\" data-widget_type=\"text-editor.default\">\n\t\t\t\t<div class=\"elementor-widget-container\">\n\t\t\t\t\t\t\t\t\t<ul><li><strong><strong><span style=\"color: #000000;\">Project Location: Istanbul\/T\u00fcrkiye<\/span><\/strong><\/strong><p>\u00a0<\/p><\/li><li><strong><strong><span style=\"color: #000000;\">Completion Time: 2023<\/span><\/strong><\/strong><p>\u00a0<\/p><\/li><li><strong><strong><span style=\"color: #000000;\">Closed Area: 2,000 m2<\/span><\/strong><\/strong><p>\u00a0<\/p><\/li><li><strong><span style=\"color: #000000;\">Employer: Marda\u015f Marmara Deniz \u0130\u015fletmecili\u011fi A.\u015e.<\/span><\/strong><\/li><\/ul>\t\t\t\t\t\t\t\t<\/div>\n\t\t\t\t<\/div>\n\t\t\t\t<div class=\"elementor-element elementor-element-b138e7a elementor-widget elementor-widget-heading\" data-id=\"b138e7a\" data-element_type=\"widget\" data-e-type=\"widget\" data-widget_type=\"heading.default\">\n\t\t\t\t<div class=\"elementor-widget-container\">\n\t\t\t\t\t<h2 class=\"elementor-heading-title elementor-size-default\">Scope of Work<\/h2>\t\t\t\t<\/div>\n\t\t\t\t<\/div>\n\t\t\t\t<div class=\"elementor-element elementor-element-8aa2847 elementor-widget-divider--view-line elementor-widget elementor-widget-divider\" data-id=\"8aa2847\" data-element_type=\"widget\" data-e-type=\"widget\" data-widget_type=\"divider.default\">\n\t\t\t\t<div class=\"elementor-widget-container\">\n\t\t\t\t\t\t\t<div class=\"elementor-divider\">\n\t\t\t<span class=\"elementor-divider-separator\">\n\t\t\t\t\t\t<\/span>\n\t\t<\/div>\n\t\t\t\t\t\t<\/div>\n\t\t\t\t<\/div>\n\t\t\t\t<div class=\"elementor-element elementor-element-155b205 elementor-widget elementor-widget-text-editor\" data-id=\"155b205\" data-element_type=\"widget\" data-e-type=\"widget\" data-widget_type=\"text-editor.default\">\n\t\t\t\t<div class=\"elementor-widget-container\">\n\t\t\t\t\t\t\t\t\t<ul><li><span style=\"color: #000000;\"><span style=\"color: #000000;\"><strong>Generator Groups &amp; Synchronization<\/strong><\/span><\/span><\/li><li><span style=\"color: #000000;\"><span style=\"color: #000000;\"><strong>Low Voltage Distribution Panels<\/strong><\/span><\/span><\/li><li><span style=\"color: #000000;\"><span style=\"color: #000000;\"><strong>Low Voltage Distribution Installation<\/strong><\/span><\/span><\/li><li><span style=\"color: #000000;\"><span style=\"color: #000000;\"><strong>Indoor &amp; Outdoor Lighting<\/strong><\/span><\/span><\/li><li><span style=\"color: #000000;\"><span style=\"color: #000000;\"><strong>Lighting Automation<\/strong><\/span><\/span><\/li><li><span style=\"color: #000000;\"><span style=\"color: #000000;\"><strong>Lightning Protection and Grounding Systems<\/strong><\/span><\/span><\/li><li><span style=\"color: #000000;\"><span style=\"color: #000000;\"><strong>UPS-Uninterruptible Power Supplies<\/strong><\/span><\/span><\/li><li><span style=\"color: #000000;\"><span style=\"color: #000000;\"><strong>CCTV-IPCCTV Installation<\/strong><\/span><\/span><\/li><li><span style=\"color: #000000;\"><span style=\"color: #000000;\"><strong>TV\/IPTV\/SMATV System<\/strong><\/span><\/span><\/li><li><span style=\"color: #000000;\"><span style=\"color: #000000;\"><strong>Data System<\/strong><\/span><\/span><\/li><li><span style=\"color: #000000;\"><strong>Parking Guidance Systems<\/strong><\/span><\/li><\/ul>\t\t\t\t\t\t\t\t<\/div>\n\t\t\t\t<\/div>\n\t\t\t\t<div class=\"elementor-element elementor-element-ed1778e elementor-widget elementor-widget-heading\" data-id=\"ed1778e\" data-element_type=\"widget\" data-e-type=\"widget\" data-widget_type=\"heading.default\">\n\t\t\t\t<div class=\"elementor-widget-container\">\n\t\t\t\t\t<h3 class=\"elementor-heading-title elementor-size-default\">Solutions That Power the Future<\/h3>\t\t\t\t<\/div>\n\t\t\t\t<\/div>\n\t\t\t\t<div class=\"elementor-element elementor-element-2e64afa elementor-widget-divider--view-line elementor-widget elementor-widget-divider\" data-id=\"2e64afa\" data-element_type=\"widget\" data-e-type=\"widget\" data-widget_type=\"divider.default\">\n\t\t\t\t<div class=\"elementor-widget-container\">\n\t\t\t\t\t\t\t<div class=\"elementor-divider\">\n\t\t\t<span class=\"elementor-divider-separator\">\n\t\t\t\t\t\t<\/span>\n\t\t<\/div>\n\t\t\t\t\t\t<\/div>\n\t\t\t\t<\/div>\n\t\t\t\t<div class=\"elementor-element elementor-element-20d205c elementor-widget elementor-widget-text-editor\" data-id=\"20d205c\" data-element_type=\"widget\" data-e-type=\"widget\" data-widget_type=\"text-editor.default\">\n\t\t\t\t<div class=\"elementor-widget-container\">\n\t\t\t\t\t\t\t\t\t<p style=\"text-align: left;\"><span style=\"color: #000000;\">We successfully completed the entire electrical infrastructure for the Marda\u015f Port Offices project, covering a 2,000 m\u00b2 area, from generator synchronization to lighting automation. We add value to your projects with our reliable solutions.<\/span><\/p><p style=\"text-align: left;\"><span style=\"color: #000000;\"><strong>If you're looking for reliable and expert solutions for your projects, contact us. Let's brighten your future together!<\/strong><\/span><\/p>\t\t\t\t\t\t\t\t<\/div>\n\t\t\t\t<\/div>\n\t\t\t\t<div class=\"elementor-element elementor-element-da1d1ba elementor-align-center elementor-widget elementor-widget-button\" data-id=\"da1d1ba\" data-element_type=\"widget\" data-e-type=\"widget\" data-widget_type=\"button.default\">\n\t\t\t\t<div class=\"elementor-widget-container\">\n\t\t\t\t\t\t\t\t\t<div class=\"elementor-button-wrapper\">\n\t\t\t\t\t<a class=\"elementor-button elementor-button-link elementor-size-sm\" href=\"https:\/\/teslaenerjim.com\/en\/iletisim\/\" target=\"_blank\">\n\t\t\t\t\t\t<span class=\"elementor-button-content-wrapper\">\n\t\t\t\t\t\t<span class=\"elementor-button-icon\">\n\t\t\t\t<svg aria-hidden=\"true\" class=\"e-font-icon-svg e-fas-angle-double-right\" viewbox=\"0 0 448 512\" xmlns=\"http:\/\/www.w3.org\/2000\/svg\"><path d=\"M224.3 273l-136 136c-9.4 9.4-24.6 9.4-33.9 0l-22.6-22.6c-9.4-9.4-9.4-24.6 0-33.9l96.4-96.4-96.4-96.4c-9.4-9.4-9.4-24.6 0-33.9L54.3 103c9.4-9.4 24.6-9.4 33.9 0l136 136c9.5 9.4 9.5 24.6.1 34zm192-34l-136-136c-9.4-9.4-24.6-9.4-33.9 0l-22.6 22.6c-9.4 9.4-9.4 24.6 0 33.9l96.4 96.4-96.4 96.4c-9.4 9.4-9.4 24.6 0 33.9l22.6 22.6c9.4 9.4 24.6 9.4 33.9 0l136-136c9.4-9.2 9.4-24.4 0-33.8z\"><\/path><\/svg>\t\t\t<\/span>\n\t\t\t\t\t\t\t\t\t<span class=\"elementor-button-text\">Contact Us<\/span>\n\t\t\t\t\t<\/span>\n\t\t\t\t\t<\/a>\n\t\t\t\t<\/div>\n\t\t\t\t\t\t\t\t<\/div>\n\t\t\t\t<\/div>\n\t\t\t\t<\/div>\n\t\t<div class=\"elementor-element elementor-element-ed440a2 e-con-full e-flex e-con e-child\" data-id=\"ed440a2\" data-element_type=\"container\" data-e-type=\"container\">\n\t\t\t\t<div class=\"elementor-element elementor-element-6f5d90b elementor-widget elementor-widget-image\" data-id=\"6f5d90b\" data-element_type=\"widget\" data-e-type=\"widget\" data-widget_type=\"image.default\">\n\t\t\t\t<div class=\"elementor-widget-container\">\n\t\t\t\t\t\t\t\t\t\t\t\t\t\t\t<img fetchpriority=\"high\" decoding=\"async\" width=\"1024\" height=\"1024\" src=\"https:\/\/teslaenerjim.com\/wp-content\/uploads\/DALL\u00b7E-2024-11-07-22.12.24-A-realistic-modern-office-interior-design-with-electric-cable-trays-and-hanging-pendant-lights-suspended-from-the-trays.-The-office-is-fully-enclosed-1-1.avif\" class=\"attachment-full size-full wp-image-6276 not-transparent\" alt=\"\" srcset=\"https:\/\/teslaenerjim.com\/wp-content\/uploads\/DALL\u00b7E-2024-11-07-22.12.24-A-realistic-modern-office-interior-design-with-electric-cable-trays-and-hanging-pendant-lights-suspended-from-the-trays.-The-office-is-fully-enclosed-1-1.avif 1024w, https:\/\/teslaenerjim.com\/wp-content\/uploads\/DALL\u00b7E-2024-11-07-22.12.24-A-realistic-modern-office-interior-design-with-electric-cable-trays-and-hanging-pendant-lights-suspended-from-the-trays.-The-office-is-fully-enclosed-1-1-300x300.avif 300w, https:\/\/teslaenerjim.com\/wp-content\/uploads\/DALL\u00b7E-2024-11-07-22.12.24-A-realistic-modern-office-interior-design-with-electric-cable-trays-and-hanging-pendant-lights-suspended-from-the-trays.-The-office-is-fully-enclosed-1-1-150x150.avif 150w, https:\/\/teslaenerjim.com\/wp-content\/uploads\/DALL\u00b7E-2024-11-07-22.12.24-A-realistic-modern-office-interior-design-with-electric-cable-trays-and-hanging-pendant-lights-suspended-from-the-trays.-The-office-is-fully-enclosed-1-1-768x768.avif 768w\" sizes=\"(max-width: 1024px) 100vw, 1024px\" data-has-transparency=\"false\" data-dominant-color=\"867965\" style=\"--dominant-color: #867965\" \/>\t\t\t\t\t\t\t\t\t\t\t\t\t\t\t<\/div>\n\t\t\t\t<\/div>\n\t\t\t\t<\/div>\n\t\t\t\t\t<\/div>\n\t\t\t\t<\/div>\n\t\t\t\t<\/div>","protected":false},"excerpt":{"rendered":"<p>Marda\u015f Liman\u0131 Ofisleri Projenin Yeri : \u0130stanbul\/T\u00fcrkiye \u00a0 Tamamlanma Zaman\u0131: 2023 \u00a0 Kapal\u0131 Alan: 2.000 m2 \u00a0 \u0130\u015fveren: Marda\u015f Marmara Deniz \u0130\u015fletmecili\u011fi A.\u015e. \u0130\u015fin Kapsam\u0131 Jenerat\u00f6r Gruplar\u0131&amp; Senkronizasyon Al\u00e7ak Gerilim Da\u011f\u0131t\u0131m Panolar\u0131 Al\u00e7ak Gerilim Da\u011f\u0131t\u0131m Tesisat\u0131 \u0130\u00e7 &amp; D\u0131\u015f Ayd\u0131nlatma Ayd\u0131nlatma Otomasyonu Y\u0131ld\u0131r\u0131mdan Korunma &amp; Topraklama UPS-Kesintisiz G\u00fc\u00e7 Kaynaklar\u0131 CCTV-IPCCTV Tesisat\u0131 TV\/IPTV\/SMATV Sistemi Data Sistemi [&hellip;]<\/p>","protected":false},"author":1,"featured_media":0,"parent":0,"menu_order":0,"comment_status":"closed","ping_status":"closed","template":"","meta":{"_uag_custom_page_level_css":"","site-sidebar-layout":"no-sidebar","site-content-layout":"page-builder","ast-site-content-layout":"full-width-container","site-content-style":"default","site-sidebar-style":"default","ast-global-header-display":"","ast-banner-title-visibility":"","ast-main-header-display":"","ast-hfb-above-header-display":"","ast-hfb-below-header-display":"","ast-hfb-mobile-header-display":"","site-post-title":"disabled","ast-breadcrumbs-content":"","ast-featured-img":"disabled","footer-sml-layout":"","ast-disable-related-posts":"","theme-transparent-header-meta":"","adv-header-id-meta":"","stick-header-meta":"","header-above-stick-meta":"","header-main-stick-meta":"","header-below-stick-meta":"","astra-migrate-meta-layouts":"set","ast-page-background-enabled":"default","ast-page-background-meta":{"desktop":{"background-color":"var(--ast-global-color-4)","background-image":"","background-repeat":"repeat","background-position":"center center","background-size":"auto","background-attachment":"scroll","background-type":"","background-media":"","overlay-type":"","overlay-color":"","overlay-opacity":"","overlay-gradient":""},"tablet":{"background-color":"","background-image":"","background-repeat":"repeat","background-position":"center center","background-size":"auto","background-attachment":"scroll","background-type":"","background-media":"","overlay-type":"","overlay-color":"","overlay-opacity":"","overlay-gradient":""},"mobile":{"background-color":"","background-image":"","background-repeat":"repeat","background-position":"center center","background-size":"auto","background-attachment":"scroll","background-type":"","background-media":"","overlay-type":"","overlay-color":"","overlay-opacity":"","overlay-gradient":""}},"ast-content-background-meta":{"desktop":{"background-color":"var(--ast-global-color-5)","background-image":"","background-repeat":"repeat","background-position":"center center","background-size":"auto","background-attachment":"scroll","background-type":"","background-media":"","overlay-type":"","overlay-color":"","overlay-opacity":"","overlay-gradient":""},"tablet":{"background-color":"var(--ast-global-color-5)","background-image":"","background-repeat":"repeat","background-position":"center center","background-size":"auto","background-attachment":"scroll","background-type":"","background-media":"","overlay-type":"","overlay-color":"","overlay-opacity":"","overlay-gradient":""},"mobile":{"background-color":"var(--ast-global-color-5)","background-image":"","background-repeat":"repeat","background-position":"center center","background-size":"auto","background-attachment":"scroll","background-type":"","background-media":"","overlay-type":"","overlay-color":"","overlay-opacity":"","overlay-gradient":""}},"_joinchat":[],"footnotes":""},"class_list":["post-4716","page","type-page","status-publish","hentry"],"uagb_featured_image_src":{"full":false,"thumbnail":false,"medium":false,"medium_large":false,"large":false,"1536x1536":false,"2048x2048":false,"trp-custom-language-flag":false},"uagb_author_info":{"display_name":"Teslaenerjim","author_link":"https:\/\/teslaenerjim.com\/en\/author\/admin\/"},"uagb_comment_info":0,"uagb_excerpt":"Marda\u015f Liman\u0131 Ofisleri Projenin Yeri : \u0130stanbul\/T\u00fcrkiye \u00a0 Tamamlanma Zaman\u0131: 2023 \u00a0 Kapal\u0131 Alan: 2.000 m2 \u00a0 \u0130\u015fveren: Marda\u015f Marmara Deniz \u0130\u015fletmecili\u011fi A.\u015e. \u0130\u015fin Kapsam\u0131 Jenerat\u00f6r Gruplar\u0131&amp; Senkronizasyon Al\u00e7ak Gerilim Da\u011f\u0131t\u0131m Panolar\u0131 Al\u00e7ak Gerilim Da\u011f\u0131t\u0131m Tesisat\u0131 \u0130\u00e7 &amp; D\u0131\u015f Ayd\u0131nlatma Ayd\u0131nlatma Otomasyonu Y\u0131ld\u0131r\u0131mdan Korunma &amp; Topraklama UPS-Kesintisiz G\u00fc\u00e7 Kaynaklar\u0131 CCTV-IPCCTV Tesisat\u0131 TV\/IPTV\/SMATV Sistemi Data Sistemi&hellip;","jetpack_sharing_enabled":true,"_links":{"self":[{"href":"https:\/\/teslaenerjim.com\/en\/wp-json\/wp\/v2\/pages\/4716","targetHints":{"allow":["GET"]}}],"collection":[{"href":"https:\/\/teslaenerjim.com\/en\/wp-json\/wp\/v2\/pages"}],"about":[{"href":"https:\/\/teslaenerjim.com\/en\/wp-json\/wp\/v2\/types\/page"}],"author":[{"embeddable":true,"href":"https:\/\/teslaenerjim.com\/en\/wp-json\/wp\/v2\/users\/1"}],"replies":[{"embeddable":true,"href":"https:\/\/teslaenerjim.com\/en\/wp-json\/wp\/v2\/comments?post=4716"}],"version-history":[{"count":6,"href":"https:\/\/teslaenerjim.com\/en\/wp-json\/wp\/v2\/pages\/4716\/revisions"}],"predecessor-version":[{"id":6954,"href":"https:\/\/teslaenerjim.com\/en\/wp-json\/wp\/v2\/pages\/4716\/revisions\/6954"}],"wp:attachment":[{"href":"https:\/\/teslaenerjim.com\/en\/wp-json\/wp\/v2\/media?parent=4716"}],"curies":[{"name":"wp","href":"https:\/\/api.w.org\/{rel}","templated":true}]}}